{"id":181,"date":"2022-09-13T13:32:41","date_gmt":"2022-09-13T11:32:41","guid":{"rendered":"https:\/\/slfp-vsoaproximus.be\/home\/"},"modified":"2026-04-24T09:31:54","modified_gmt":"2026-04-24T07:31:54","slug":"home","status":"publish","type":"page","link":"https:\/\/slfp-vsoaproximus.be\/fr\/","title":{"rendered":"Home"},"content":{"rendered":"<div class=\"wpb-content-wrapper\"><p>[vc_row][vc_column][vc_column_text]<\/p>\n<h2 class=\"fs-16 text-uppercase text-line text-primary mb-3\">SLFP &#8211; Qui sommes-nous ?<\/h2>\n<h3 class=\"display-4 mb-7\"><b>Le Syndicat Libre de la Fonction Publique<\/b><\/h3>\n<p>[\/vc_column_text][\/vc_column][\/vc_row][vc_row][vc_column width=&#8221;2\/3&#8243;][vc_column_text]<\/p>\n<p>&nbsp;<\/p>\n<p>Depuis 1989, notre syndicat repr\u00e9sente tous les employ\u00e9s actifs et non actifs de Proximus. Comme le SLFP-Proximus est pr\u00e9sent avec ses d\u00e9l\u00e9gu\u00e9s dans tous les d\u00e9partements de l&#8217;entreprise, nous pouvons d\u00e9fendre les int\u00e9r\u00eats de nos membres jusqu&#8217;au plus haut niveau. Pour obtenir les coordonn\u00e9es de nos repr\u00e9sentants et d\u00e9l\u00e9gu\u00e9s et\/ou les d\u00e9tails de nos structures, veuillez cliquer <a href=\"https:\/\/slfp-vsoaproximus.be\/fr\/d%C3%A9l%C3%A9gu%C3%A9s\/\">ici<\/a>.[\/vc_column_text][\/vc_column][vc_column width=&#8221;1\/3&#8243;][vc_single_image image=&#8221;130&#8243; img_size=&#8221;medium&#8221; el_class=&#8221;rounded img&#8221;][\/vc_column][\/vc_row][vc_row][vc_column][vc_column_text]<\/p>\n<h2 class=\"fs-16 text-uppercase text-line text-primary mb-3\">Que fait-on?<\/h2>\n<h3 class=\"display-4 mb-7\"><b>Notre mission<\/b><\/h3>\n<p>[\/vc_column_text][\/vc_column][\/vc_row][vc_row][vc_column][vc_column_text]Les principales t\u00e2ches de notre association professionnelle sont les suivantes : repr\u00e9senter les int\u00e9r\u00eats professionnels collectifs et individuels de nos membres et leur fournir des informations. Le SLFP-Proximus \u00e9tant un syndicat repr\u00e9sentatif, nos mandataires participent \u00e0 toutes les n\u00e9gociations et \u00e0 tous les moments de n\u00e9gociation. Et ce, \u00e0 tous les niveaux : national, r\u00e9gional et local.<\/p>\n<p>Le SLFP-Proximus privil\u00e9gie ce mod\u00e8le de n\u00e9gociation. C&#8217;est pourquoi nous donnons toujours la priorit\u00e9 au dialogue. Cependant, nous prendrons toujours nos responsabilit\u00e9s lorsque l&#8217;action semble \u00eatre l&#8217;arme ultime pour faire valoir nos demandes l\u00e9gitimes.<\/p>\n<p>Le secteur public, et en particulier les entreprises publiques autonomes, sont de plus en plus sollicit\u00e9s dans le climat \u00e9conomique actuel, o\u00f9 les appels \u00e0 la rentabilit\u00e9 et \u00e0 la flexibilit\u00e9 se font de plus en plus pressants.<\/p>\n<p>Le SLFP-Proximus se bat pour maintenir un secteur public dynamique et efficace.<\/p>\n<p>Une entreprise qui r\u00e9pond aux normes actuelles de qualit\u00e9 et de service. Nous voulons que Proximus soit un employeur capable de garantir \u00e0 ses employ\u00e9s actuels et futurs une s\u00e9curit\u00e9 d&#8217;emploi et de cr\u00e9er un climat dans lequel les employ\u00e9s peuvent se d\u00e9velopper et s&#8217;\u00e9panouir. Le tout associ\u00e9 \u00e0 des revenus et \u00e0 des avantages conformes au march\u00e9.<\/p>\n<p>Pour r\u00e9aliser tout cela, nous avons \u00e9videmment besoin de vous. N&#8217;h\u00e9sitez donc pas \u00e0 nous confirmer votre confiance et \u00e0 rejoindre la chaleureuse famille \u00a0du SLFP !<\/p>\n<p>Nous vous souhaitons d&#8217;avance la bienvenue !<\/p>\n<p>Linda HERREMANS<br \/>\nPr\u00e9sidente nationale[\/vc_column_text][\/vc_column][\/vc_row][vc_row][vc_column][vc_column_text]<\/p>\n<h3 class=\"display-4 mb-7\"><b>Avantages pour nos affili\u00e9s<\/b><\/h3>\n<p>[\/vc_column_text][\/vc_column][\/vc_row][vc_row][vc_column][vc_column_text css=&#8221;&#8221;]<\/p>\n<ul>\n<li>D\u00e9fense de vos int\u00e9r\u00eats professionnels<\/li>\n<li>Notre p\u00e9riodique bimestriel &#8220;Argument&#8221;<\/li>\n<li>Prime syndicale pour les membres actifs<\/li>\n<li>Prime de naissance ou d&#8217;adoption pour les membres actifs<\/li>\n<li>Assistance juridique professionnelle pour les membres actifs (apr\u00e8s un an d&#8217;affiliation)<\/li>\n<li>Prime de fid\u00e9lit\u00e9 apr\u00e8s 30 ans d\u2019affiliation pour les membres toujours en activit\u00e9 de service<\/li>\n<\/ul>\n<p>Outre l&#8217;assistance, les conseils et les informations que vous recevez de notre \u00e9quipe sp\u00e9cialis\u00e9e, le groupe SLFP vous propose un vaste \u00e9ventail d&#8217;avantages suppl\u00e9mentaires que vous trouverez ci-dessous.<\/p>\n<p>Prenez le temps de consulter ces annonces, elles en valent vraiment la peine![\/vc_column_text][\/vc_column][\/vc_row][vc_row][vc_column width=&#8221;1\/4&#8243;][vc_single_image image=&#8221;348&#8243; img_size=&#8221;&#8221;][\/vc_column][vc_column width=&#8221;3\/4&#8243;][vc_separator][vc_column_text]Chaque membre du SLFP a droit, quel que soit le groupe professionnel dont il rel\u00e8ve, aux avantages pr\u00e9sent\u00e9s sur le site g\u00e9n\u00e9ral du SLFP secteur public.<\/p>\n<p>Le lien &#8220;Secteur public &#8211; Avantages&#8221; vous y emm\u00e8ne&#8230;&#8230;<\/p>\n<p>Une fois sur le site g\u00e9n\u00e9ral, cliquez d&#8217;abord sur &#8220;Vous r\u00e9cup\u00e9rez votre cotisation au SLFP en un rien de temps&#8221; et ensuite sur &#8220;www.slfp-avantages.be&#8221;.[\/vc_column_text][vc_separator][vc_btn title=&#8221;SLFP Secteur public &#8211; Avantages&#8221; style=&#8221;custom&#8221; custom_background=&#8221;#00a6e2&#8243; custom_text=&#8221;#ffffff&#8221; size=&#8221;lg&#8221; link=&#8221;url:https%3A%2F%2Fwww.slfp.eu%2Fslfp-avantages|target:_blank&#8221;][vc_separator][\/vc_column][\/vc_row]<\/p>\n<\/div>","protected":false},"excerpt":{"rendered":"<p>[vc_row][vc_column][vc_column_text] SLFP &#8211; Qui sommes-nous ? Le Syndicat Libre de la Fonction Publique [\/vc_column_text][\/vc_column][\/vc_row][vc_row][vc_column width=&#8221;2\/3&#8243;][vc_column_text] &nbsp; Depuis 1989, notre syndicat repr\u00e9sente tous les employ\u00e9s actifs et non actifs de Proximus. Comme le SLFP-Proximus est pr\u00e9sent avec ses d\u00e9l\u00e9gu\u00e9s dans tous les d\u00e9partements de l&#8217;entreprise, nous pouvons d\u00e9fendre les int\u00e9r\u00eats de nos membres jusqu&#8217;au plus haut [&hellip;]<\/p>\n","protected":false},"author":7,"featured_media":0,"parent":0,"menu_order":0,"comment_status":"closed","ping_status":"closed","template":"","meta":{"_acf_changed":false,"_monsterinsights_skip_tracking":false,"_monsterinsights_sitenote_active":false,"_monsterinsights_sitenote_note":"","_monsterinsights_sitenote_category":0,"footnotes":""},"class_list":["post-181","page","type-page","status-publish","hentry"],"acf":[],"aioseo_notices":[],"_links":{"self":[{"href":"https:\/\/slfp-vsoaproximus.be\/fr\/wp-json\/wp\/v2\/pages\/181","targetHints":{"allow":["GET"]}}],"collection":[{"href":"https:\/\/slfp-vsoaproximus.be\/fr\/wp-json\/wp\/v2\/pages"}],"about":[{"href":"https:\/\/slfp-vsoaproximus.be\/fr\/wp-json\/wp\/v2\/types\/page"}],"author":[{"embeddable":true,"href":"https:\/\/slfp-vsoaproximus.be\/fr\/wp-json\/wp\/v2\/users\/7"}],"replies":[{"embeddable":true,"href":"https:\/\/slfp-vsoaproximus.be\/fr\/wp-json\/wp\/v2\/comments?post=181"}],"version-history":[{"count":50,"href":"https:\/\/slfp-vsoaproximus.be\/fr\/wp-json\/wp\/v2\/pages\/181\/revisions"}],"predecessor-version":[{"id":2546,"href":"https:\/\/slfp-vsoaproximus.be\/fr\/wp-json\/wp\/v2\/pages\/181\/revisions\/2546"}],"wp:attachment":[{"href":"https:\/\/slfp-vsoaproximus.be\/fr\/wp-json\/wp\/v2\/media?parent=181"}],"curies":[{"name":"wp","href":"https:\/\/api.w.org\/{rel}","templated":true}]}}