{"id":993,"date":"2022-12-13T12:31:58","date_gmt":"2022-12-13T11:31:58","guid":{"rendered":"https:\/\/slfp-vsoaproximus.be\/branches-2\/"},"modified":"2023-07-11T11:37:39","modified_gmt":"2023-07-11T09:37:39","slug":"autresgroupesslfp","status":"publish","type":"page","link":"https:\/\/slfp-vsoaproximus.be\/fr\/autresgroupesslfp\/","title":{"rendered":"Autres Groupes SLFP"},"content":{"rendered":"<div class=\"wpb-content-wrapper\"><p>[vc_row][vc_column][vc_column_text]<\/p>\r\n<p>[\/vc_column_text][\/vc_column][\/vc_row][vc_row][vc_column width=&#8221;1\/2&#8243;][vc_column_text]<\/p>\r\n<p>Bureau central et secr\u00e9tariat g\u00e9n\u00e9ral<br \/>du SLFP<br \/>Boulevard Baudouin 20-21<br \/>1000 BRUXELLES<br \/>slfp@slfp.eu<\/p>\r\n<p>Num\u00e9ro g\u00e9n\u00e9ral : 02 549 52 00<br \/>Nos services sont joignables tous les jours ouvrables de 08h15 \u00e0 12h15 et de 13h \u00e0 16h<\/p>\r\n<p><a href=\"https:\/\/www.vsoa.eu\/\" target=\"_blank\" rel=\"noopener\">Visitez le site web<\/a><\/p>\r\n<p>&nbsp;<\/p>\r\n<p>[\/vc_column_text][\/vc_column][vc_column width=&#8221;1\/2&#8243;][vc_single_image image=&#8221;392&#8243; img_size=&#8221;large&#8221;][\/vc_column][\/vc_row][vc_row][vc_column][vc_separator][\/vc_column][\/vc_row][vc_row css=&#8221;.vc_custom_1663833625997{background-color: #efefef !important;}&#8221;][vc_column width=&#8221;1\/3&#8243;][vc_column_text]<\/p>\r\n<p>&nbsp;<\/p>\r\n<h4>SLFP-D\u00e9fense<\/h4>\r\n<p>Lozenberg 2<br \/>1932 ZAVENTEM<br \/>Tel. : 02 223 57 01<br \/>info@slfp-defense.be<\/p>\r\n<p>[\/vc_column_text][\/vc_column][vc_column width=&#8221;1\/3&#8243;][vc_column_text]<\/p>\r\n<p>&nbsp;<\/p>\r\n<h4>SLFP-AFRC<\/h4>\r\n<p>Boulevard Baudouin 20-21<br \/>1000 BRUXELLES<br \/>Tel. : 02 201 19 77<br \/>info@slfp-g2.eu<\/p>\r\n<p>[\/vc_column_text][\/vc_column][vc_column width=&#8221;1\/3&#8243;][vc_column_text]<\/p>\r\n<p>&nbsp;<\/p>\r\n<h4>SLFP-Finances<\/h4>\r\n<p>Galerie du centre BLOC II<br \/>Rue des Fripiers 15-17<br \/>1000 BRUXELLES<br \/>Tel. : 02 226 41 11<br \/>info@vsoa-slfp-fin.eu<\/p>\r\n<p>[\/vc_column_text][\/vc_column][\/vc_row][vc_row][vc_column width=&#8221;1\/3&#8243;][vc_column_text]<\/p>\r\n<p>&nbsp;<\/p>\r\n<h4>SLFP-ALR<\/h4>\r\n<p>Rue de la Loi 28 (bte 13)<br \/>1040 BRUXELLES<br \/>Tel. : 02 201 14 00<br \/>contact@slfpvsoa.be<\/p>\r\n<p>[\/vc_column_text][\/vc_column][vc_column width=&#8221;1\/3&#8243;][vc_column_text]<\/p>\r\n<p>&nbsp;<\/p>\r\n<h4>SLFP-Enseignement<\/h4>\r\n<p>Rue du Commerce, 20<br \/>1000 BRUXELLES<br \/>Tel. : 02 529 81 30<br \/>secretariat@slfp-enseignement.be<\/p>\r\n<p>[\/vc_column_text][\/vc_column][vc_column width=&#8221;1\/3&#8243;][vc_column_text]<\/p>\r\n<p>&nbsp;<\/p>\r\n<h4>SLFP-Police<\/h4>\r\n<p>Minervastraat 8<br \/>1930 ZAVENTEM<br \/>Tel. : 02 660 59 11<br \/>info@slfp-pol.be<\/p>\r\n<p>[\/vc_column_text][\/vc_column][\/vc_row][vc_row css=&#8221;.vc_custom_1663833645454{background-color: #efefef !important;}&#8221;][vc_column width=&#8221;1\/3&#8243;][vc_column_text]<\/p>\r\n<p>&nbsp;<\/p>\r\n<h4>SLFP-Poste<\/h4>\r\n<p>Galerie du Centre 244 (3e \u00e9tage)<br \/>1000 BRUXELLES<br \/>Tel. : 02 223 00 20<br \/>post@slfp.eu<\/p>\r\n<p>[\/vc_column_text][\/vc_column][vc_column width=&#8221;1\/3&#8243;][vc_column_text]<\/p>\r\n<p>&nbsp;<\/p>\r\n<h4>SLFP-Ordre judiciaire<\/h4>\r\n<p>Galerie du Centre \u2013 Bloc II<br \/>Rue des Fripiers 15-17<br \/>1000 BRUXELLES<br \/>Tel. : 02 513 05 55<br \/>info@oj-slfp.be<\/p>\r\n<p>[\/vc_column_text][\/vc_column][vc_column width=&#8221;1\/3&#8243;][vc_column_text]<\/p>\r\n<p>&nbsp;<\/p>\r\n<h4>SLFP-Cheminots<\/h4>\r\n<p>Boulevard Baudouin 20-21<br \/>1000 BRUXELLES<br \/>Tel. : 02 213 60 60<br \/>secretariat@slfp-rail.be<\/p>\r\n<p>[\/vc_column_text][\/vc_column][\/vc_row][vc_row][vc_column][vc_column_text]<\/p>\r\n<p>&nbsp;<\/p>\r\n<p>[\/vc_column_text][\/vc_column][\/vc_row]<\/p><\/div>","protected":false},"excerpt":{"rendered":"<p>[vc_row][vc_column][vc_column_text] [\/vc_column_text][\/vc_column][\/vc_row][vc_row][vc_column width=&#8221;1\/2&#8243;][vc_column_text] Bureau central et secr\u00e9tariat g\u00e9n\u00e9raldu SLFPBoulevard Baudouin 20-211000 BRUXELLESslfp@slfp.eu Num\u00e9ro g\u00e9n\u00e9ral : 02 549 52 00Nos services sont joignables tous les jours ouvrables de 08h15 \u00e0 12h15 et de 13h \u00e0 16h Visitez le site web &nbsp; [\/vc_column_text][\/vc_column][vc_column width=&#8221;1\/2&#8243;][vc_single_image image=&#8221;392&#8243; img_size=&#8221;large&#8221;][\/vc_column][\/vc_row][vc_row][vc_column][vc_separator][\/vc_column][\/vc_row][vc_row css=&#8221;.vc_custom_1663833625997{background-color: #efefef !important;}&#8221;][vc_column width=&#8221;1\/3&#8243;][vc_column_text] &nbsp; SLFP-D\u00e9fense Lozenberg 21932 ZAVENTEMTel. : 02 [&hellip;]<\/p>\n","protected":false},"author":7,"featured_media":0,"parent":0,"menu_order":0,"comment_status":"closed","ping_status":"closed","template":"","meta":{"_acf_changed":false,"_monsterinsights_skip_tracking":false,"_monsterinsights_sitenote_active":false,"_monsterinsights_sitenote_note":"","_monsterinsights_sitenote_category":0,"footnotes":""},"class_list":["post-993","page","type-page","status-publish","hentry"],"acf":[],"aioseo_notices":[],"_links":{"self":[{"href":"https:\/\/slfp-vsoaproximus.be\/fr\/wp-json\/wp\/v2\/pages\/993","targetHints":{"allow":["GET"]}}],"collection":[{"href":"https:\/\/slfp-vsoaproximus.be\/fr\/wp-json\/wp\/v2\/pages"}],"about":[{"href":"https:\/\/slfp-vsoaproximus.be\/fr\/wp-json\/wp\/v2\/types\/page"}],"author":[{"embeddable":true,"href":"https:\/\/slfp-vsoaproximus.be\/fr\/wp-json\/wp\/v2\/users\/7"}],"replies":[{"embeddable":true,"href":"https:\/\/slfp-vsoaproximus.be\/fr\/wp-json\/wp\/v2\/comments?post=993"}],"version-history":[{"count":25,"href":"https:\/\/slfp-vsoaproximus.be\/fr\/wp-json\/wp\/v2\/pages\/993\/revisions"}],"predecessor-version":[{"id":1483,"href":"https:\/\/slfp-vsoaproximus.be\/fr\/wp-json\/wp\/v2\/pages\/993\/revisions\/1483"}],"wp:attachment":[{"href":"https:\/\/slfp-vsoaproximus.be\/fr\/wp-json\/wp\/v2\/media?parent=993"}],"curies":[{"name":"wp","href":"https:\/\/api.w.org\/{rel}","templated":true}]}}